{"id":31,"date":"2023-11-10T10:22:06","date_gmt":"2023-11-10T09:22:06","guid":{"rendered":"https:\/\/atlastechtrade.com\/?page_id=31"},"modified":"2025-07-17T11:52:17","modified_gmt":"2025-07-17T09:52:17","slug":"privacy-policy","status":"publish","type":"page","link":"http:\/\/atlastechtrade.com\/de\/privacy-policy\/","title":{"rendered":"Privacy Policy"},"content":{"rendered":"<p>Zuletzt aktualisiert: Mai 2025<\/p>\n\n\n\n<p>Diese Datenschutzerkl\u00e4rung beschreibt unsere Richtlinien und Verfahren zur Erhebung, Verwendung und Weitergabe Ihrer Daten, wenn Sie unseren Dienst nutzen, und informiert Sie \u00fcber Ihre Datenschutzrechte sowie dar\u00fcber, wie das Gesetz Sie sch\u00fctzt.<\/p>\n\n\n\n<p>Wir verwenden Ihre personenbezogenen Daten, um den Dienst bereitzustellen und zu verbessern. Durch die Nutzung des Dienstes stimmen Sie der Erhebung und Verwendung von Informationen gem\u00e4\u00df dieser Datenschutzerkl\u00e4rung zu.<\/p>\n\n\n\n<h1 class=\"wp-block-heading\"><strong>Auslegung und Definitionen<\/strong><\/h1>\n\n\n\n<h2 class=\"wp-block-heading\"><strong>Auslegung<\/strong><\/h2>\n\n\n\n<p>W\u00f6rter, deren Anfangsbuchstabe gro\u00dfgeschrieben ist, haben die in den folgenden Abschnitten definierten Bedeutungen. Diese Definitionen gelten gleicherma\u00dfen im Singular wie im Plural.<\/p>\n\n\n\n<h2 class=\"wp-block-heading\"><strong>Definitionen<\/strong><\/h2>\n\n\n\n<p>F\u00fcr die Zwecke dieser Datenschutzerkl\u00e4rung gelten folgende Begriffe:<\/p>\n\n\n\n<ul class=\"wp-block-list\">\n<li><strong>Konto:<\/strong> Ein eindeutiges Konto, das f\u00fcr Sie erstellt wurde, um auf unseren Dienst oder Teile davon zuzugreifen.<\/li>\n\n\n\n<li><strong>Affiliate:<\/strong> Eine Einheit, die eine Partei kontrolliert, von ihr kontrolliert wird oder mit ihr gemeinsam kontrolliert wird. \u201eKontrolle\u201c bedeutet dabei den Besitz von 50 % oder mehr der Anteile, Beteiligungen oder sonstigen stimmberechtigten Wertpapiere.<\/li>\n\n\n\n<li><strong>Unternehmen:<\/strong> Bezeichnet in diesem Vertrag \u201edas Unternehmen\u201c, \u201ewir\u201c, \u201euns\u201c oder \u201eunser\u201c und bezieht sich auf Atlas Tech Trade.<\/li>\n\n\n\n<li><strong>Cookies:<\/strong> Kleine Dateien, die von einer Webseite auf Ihrem Computer, mobilen Ger\u00e4t oder einem anderen Ger\u00e4t abgelegt werden und unter anderem Informationen \u00fcber Ihren Browserverlauf auf dieser Webseite enthalten k\u00f6nnen.<\/li>\n\n\n\n<li><strong>Land:<\/strong> Bezieht sich auf Berlin, Deutschland.<\/li>\n\n\n\n<li><strong>Ger\u00e4t:<\/strong> Jegliches Ger\u00e4t, das auf den Dienst zugreifen kann, wie ein Computer, Handy oder Tablet.<\/li>\n\n\n\n<li><strong>Personenbezogene Daten<\/strong> Jegliche Informationen, die sich auf eine identifizierte oder identifizierbare nat\u00fcrliche Person beziehen.<\/li>\n\n\n\n<li><strong>Dienst:<\/strong> Bezieht sich auf die Webseite.<\/li>\n\n\n\n<li><strong>Dienstleister:<\/strong> Nat\u00fcrliche oder juristische Personen, die Daten im Auftrag des Unternehmens verarbeiten, z. B. Dritte, die den Dienst bereitstellen, unterst\u00fctzen oder die Nutzung analysieren.<\/li>\n\n\n\n<li><strong>Soziale Medien Dritter:<\/strong> Webseiten oder soziale Netzwerke, \u00fcber die Nutzer sich anmelden oder ein Konto erstellen k\u00f6nnen, um den Dienst zu nutzen.<\/li>\n\n\n\n<li><strong>Nutzungsdaten:<\/strong> Automatisch erhobene Daten, die durch die Nutzung des Dienstes oder dessen Infrastruktur entstehen (z. B. Dauer eines Seitenbesuchs).<\/li>\n\n\n\n<li><strong>Webseite:<\/strong> Bezieht sich auf Atlas Tech Trade, erreichbar unter <a href=\"https:\/\/atlastechtrade.com\/de\/\">https:\/\/atlastechtrade.com\/<\/a><\/li>\n\n\n\n<li><strong>Sie:<\/strong> Die Person, die auf den Dienst zugreift oder ihn nutzt, oder das Unternehmen bzw. die juristische Person, in deren Namen die Person handelt.<\/li>\n<\/ul>\n\n\n\n<h1 class=\"wp-block-heading\"><strong>Erhebung und Verwendung Ihrer personenbezogenen Daten<\/strong><\/h1>\n\n\n\n<h2 class=\"wp-block-heading\"><strong>Erhobene Datenarten<\/strong><\/h2>\n\n\n\n<h3 class=\"wp-block-heading\"><strong>Personenbezogene Daten<\/strong><\/h3>\n\n\n\n<p>Bei der Nutzung unseres Dienstes k\u00f6nnen wir Sie bitten, uns bestimmte personenbezogene Daten zur Verf\u00fcgung zu stellen, mit denen Sie kontaktiert oder identifiziert werden k\u00f6nnen. Dazu geh\u00f6ren unter anderem:<\/p>\n\n\n\n<ul class=\"wp-block-list\">\n<li>E-Mail-Adresse<\/li>\n\n\n\n<li>Vor- und Nachname<\/li>\n\n\n\n<li>Telefonnummer<\/li>\n\n\n\n<li>Adresse, Bundesland, Postleitzahl, Stadt<\/li>\n<\/ul>\n\n\n\n<h3 class=\"wp-block-heading\"><strong>Nutzungsdaten:<\/strong><\/h3>\n\n\n\n<p>Nutzungsdaten werden automatisch beim Gebrauch des Dienstes erfasst.<\/p>\n\n\n\n<p>Diese k\u00f6nnen Informationen wie IP-Adresse, Browsertyp, Browserversion, besuchte Seiten, Datum und Uhrzeit des Besuchs, Verweildauer, Ger\u00e4tekennungen und weitere Diagnosedaten umfassen.<\/p>\n\n\n\n<p>Beim Zugriff \u00fcber mobile Ger\u00e4te erfassen wir unter anderem auch den Ger\u00e4tetyp, eindeutige Ger\u00e4te-IDs, Betriebssystem, Browsertyp sowie andere Diagnosedaten automatisch.<\/p>\n\n\n\n<p>Auch Informationen, die Ihr Browser beim Besuch unseres Dienstes \u00fcbermittelt, k\u00f6nnen von uns erfasst werden.<\/p>\n\n\n\n<h3 class=\"wp-block-heading\"><strong>Informationen von Sozialen Medien Dritter<\/strong><\/h3>\n\n\n\n<p>Sie k\u00f6nnen sich bei uns \u00fcber folgende soziale Netzwerke registrieren und anmelden:<\/p>\n\n\n\n<ul class=\"wp-block-list\">\n<li>Google<\/li>\n\n\n\n<li>Facebook<\/li>\n\n\n\n<li>Instagram<\/li>\n\n\n\n<li>Twitter<\/li>\n\n\n\n<li>LinkedIn<\/li>\n<\/ul>\n\n\n\n<p>Wenn Sie sich \u00fcber einen dieser Dienste registrieren oder uns Zugriff gew\u00e4hren, k\u00f6nnen wir personenbezogene Daten erhalten, die bereits mit Ihrem Konto verbunden sind, wie Name, E-Mail-Adresse, Aktivit\u00e4ten oder Kontaktliste.<\/p>\n\n\n\n<p>Zus\u00e4tzlich k\u00f6nnen Sie weitere Informationen \u00fcber diese Dienste mit uns teilen. Wenn Sie dies tun, erteilen Sie uns die Erlaubnis, diese Daten gem\u00e4\u00df dieser Datenschutzerkl\u00e4rung zu verwenden, zu speichern und weiterzugeben.<\/p>\n\n\n\n<h3 class=\"wp-block-heading\"><strong>Tracking-Technologien und Cookies<\/strong><\/h3>\n\n\n\n<p>Wir verwenden Cookies und \u00e4hnliche Technologien, um die Nutzung unseres Dienstes zu verfolgen und bestimmte Informationen zu speichern. Zu den Technologien z\u00e4hlen unter anderem Cookies, Beacons, Tags und Skripte zur Analyse und Verbesserung des Dienstes.<\/p>\n\n\n\n<ul class=\"wp-block-list\">\n<li><strong>Cookies (Browser-Cookies):<\/strong> Kleine Dateien, die auf Ihrem Ger\u00e4t gespeichert werden. Sie k\u00f6nnen Ihren Browser so einstellen, dass Cookies abgelehnt werden. Ohne Cookies kann die Nutzung bestimmter Dienste eingeschr\u00e4nkt sein.<\/li>\n\n\n\n<li><strong>Web Beacons:<\/strong> Kleine elektronische Dateien, die z.\u202fB. z\u00e4hlen, wie viele Nutzer eine Seite besucht oder eine E-Mail ge\u00f6ffnet haben.<\/li>\n<\/ul>\n\n\n\n<p>Cookies can be &#8220;Persistent&#8221; or &#8220;Session&#8221; Cookies. Persistent Cookies remain on Your personal computer or mobile device when You go offline, while Session Cookies are deleted as soon as You close Your web browser. <\/p>\n\n\n\n<p>Wir verwenden sowohl Session-Cookies als auch persistente Cookies f\u00fcr die nachstehend aufgef\u00fchrten Zwecke:<\/p>\n\n\n\n<ul class=\"wp-block-list\">\n<li><strong>Notwendige Cookies:<\/strong><strong><br><\/strong>Typ: Session-Cookies<br>Verwaltet von: Uns<br>Zweck: Diese Cookies sind unerl\u00e4sslich, um Ihnen die auf der Website verf\u00fcgbaren Dienste bereitzustellen und die Nutzung bestimmter Funktionen zu erm\u00f6glichen. Sie helfen dabei, Benutzer zu authentifizieren und missbr\u00e4uchliche Nutzung von Benutzerkonten zu verhindern. Ohne diese Cookies k\u00f6nnen die von Ihnen angeforderten Dienste nicht bereitgestellt werden. Wir verwenden diese Cookies ausschlie\u00dflich zu diesem Zweck.<\/li>\n\n\n\n<li><strong>Cookies zur Zustimmungserfassung \/ Cookies zur Annahme der Cookie-Richtlinie<\/strong><strong><br><\/strong>Typ: Persistente Cookies<br>Verwaltet von: Uns<br>Zweck: Diese Cookies erkennen, ob Nutzer der Verwendung von Cookies auf der Website zugestimmt haben.<\/li>\n\n\n\n<li><strong>Funktions-Cookies<\/strong><strong><br><\/strong>Typ: Persistente Cookies<br>Verwaltet von: Uns<br>Zweck: Diese Cookies erm\u00f6glichen es uns, sich Ihre getroffenen Einstellungen auf der Website zu merken, z. B. Ihre Anmeldedaten oder Ihre Sprachpr\u00e4ferenz. Ziel dieser Cookies ist es, Ihnen eine pers\u00f6nlichere Erfahrung zu bieten und zu vermeiden, dass Sie Ihre Einstellungen bei jedem Besuch erneut eingeben m\u00fcssen.<\/li>\n<\/ul>\n\n\n\n<p>F\u00fcr weitere Informationen \u00fcber die von uns verwendeten Cookies und Ihre Wahlm\u00f6glichkeiten in Bezug auf Cookies besuchen Sie bitte unsere Cookie-Richtlinie oder den entsprechenden Abschnitt in unserer Datenschutzerkl\u00e4rung.<\/p>\n\n\n\n<h2 class=\"wp-block-heading\"><strong>Verwendung Ihrer personenbezogenen Daten<\/strong><\/h2>\n\n\n\n<p>Das Unternehmen nutzt Ihre Daten unter anderem f\u00fcr:<\/p>\n\n\n\n<ul class=\"wp-block-list\">\n<li><strong>Zur Bereitstellung und Aufrechterhaltung unseres Dienstes:<\/strong>einschlie\u00dflich der \u00dcberwachung der Nutzung unseres Dienstes.<\/li>\n\n\n\n<li><strong>Zur Verwaltung Ihres Kontos:<\/strong> zur Verwaltung Ihrer Registrierung als Nutzer des Dienstes. Die von Ihnen bereitgestellten personenbezogenen Daten k\u00f6nnen Ihnen den Zugang zu verschiedenen Funktionen des Dienstes erm\u00f6glichen, die Ihnen als registriertem Nutzer zur Verf\u00fcgung stehen.<\/li>\n\n\n\n<li><strong>Zur Erf\u00fcllung eines Vertrags:<\/strong> zur Entwicklung, Durchf\u00fchrung und Abwicklung des Kaufvertrags \u00fcber die von Ihnen gekauften Produkte, Artikel oder Dienstleistungen oder eines anderen Vertrags mit uns \u00fcber den Dienst.<\/li>\n\n\n\n<li><strong>Zur Kontaktaufnahme mit Ihnen:<\/strong> zur Kontaktaufnahme mit Ihnen per E-Mail, Telefonanruf, SMS oder anderen gleichwertigen Formen elektronischer Kommunikation, wie z.\u202fB. Push-Benachrichtigungen einer mobilen Anwendung in Bezug auf Updates oder informative Mitteilungen zu den Funktionen, Produkten oder vertraglich vereinbarten Dienstleistungen, einschlie\u00dflich Sicherheitsaktualisierungen, sofern dies f\u00fcr deren Umsetzung notwendig oder sinnvoll ist.<\/li>\n\n\n\n<li><strong>Zur Bereitstellung von Nachrichten, Sonderangeboten und allgemeinen Informationen:<\/strong> \u00fcber andere Waren, Dienstleistungen und Veranstaltungen, die wir anbieten und die denen \u00e4hneln, die Sie bereits gekauft haben oder nach denen Sie sich erkundigt haben, es sei denn, Sie haben sich gegen den Erhalt solcher Informationen entschieden.<\/li>\n\n\n\n<li><strong>Zur Verwaltung Ihrer Anfragen:<\/strong> zur Bearbeitung und Verwaltung Ihrer Anfragen an uns.<\/li>\n\n\n\n<li><strong>F\u00fcr Unternehmens\u00fcbertragungen:<\/strong> Wir k\u00f6nnen Ihre Informationen verwenden, um eine Fusion, Ver\u00e4u\u00dferung, Umstrukturierung, Reorganisation, Aufl\u00f6sung oder einen anderen Verkauf oder eine \u00dcbertragung einiger oder aller unserer Verm\u00f6genswerte zu bewerten oder durchzuf\u00fchren, sei es als fortgef\u00fchrtes Unternehmen oder im Rahmen eines Insolvenz-, Liquidations- oder \u00e4hnlichen Verfahrens, bei dem personenbezogene Daten, die wir \u00fcber Nutzer unseres Dienstes gespeichert haben, zu den \u00fcbertragenen Verm\u00f6genswerten geh\u00f6ren.<\/li>\n\n\n\n<li><strong>F\u00fcr andere Zwecke:<\/strong>Wir k\u00f6nnen Ihre Informationen f\u00fcr andere Zwecke verwenden, z.\u202fB. zur Datenanalyse, zur Erkennung von Nutzungstrends, zur Bestimmung der Wirksamkeit unserer Werbekampagnen sowie zur Bewertung und Verbesserung unseres Dienstes, unserer Produkte, Dienstleistungen, unseres Marketings und Ihrer Nutzererfahrung.<\/li>\n<\/ul>\n\n\n\n<p>Wir geben Ihre Daten weiter an:<\/p>\n\n\n\n<ul class=\"wp-block-list\">\n<li><strong>Mit Dienstleistern:<\/strong> Wir k\u00f6nnen Ihre personenbezogenen Daten mit Dienstleistern teilen, um die Nutzung unseres Dienstes zu \u00fcberwachen und zu analysieren sowie um mit Ihnen Kontakt aufzunehmen.<\/li>\n\n\n\n<li><strong>F\u00fcr Unternehmens\u00fcbertragungen:<\/strong> Wir k\u00f6nnen Ihre personenbezogenen Daten im Zusammenhang mit oder w\u00e4hrend der Verhandlungen \u00fcber eine Fusion, einen Verkauf von Unternehmensverm\u00f6gen, eine Finanzierung oder die \u00dcbernahme unseres gesamten Unternehmens oder eines Teils davon an ein anderes Unternehmen weitergeben oder \u00fcbertragen.<\/li>\n\n\n\n<li><strong>Mit verbundenen Unternehmen:<\/strong> Wir k\u00f6nnen Ihre Informationen mit unseren verbundenen Unternehmen teilen. In diesem Fall verlangen wir von diesen verbundenen Unternehmen, dass sie diese Datenschutzrichtlinie einhalten. Zu den verbundenen Unternehmen geh\u00f6ren unsere Muttergesellschaft sowie alle Tochtergesellschaften, Joint-Venture-Partner oder andere Unternehmen, die wir kontrollieren oder die mit uns unter gemeinsamer Kontrolle stehen.<\/li>\n\n\n\n<li><strong>Mit Gesch\u00e4ftspartnern:<\/strong> Wir k\u00f6nnen Ihre Informationen mit unseren Gesch\u00e4ftspartnern teilen, um Ihnen bestimmte Produkte, Dienstleistungen oder Werbeaktionen anzubieten.<\/li>\n\n\n\n<li><strong>Mit anderen Nutzern:<\/strong> Wenn Sie personenbezogene Informationen weitergeben oder anderweitig in \u00f6ffentlichen Bereichen mit anderen Nutzern interagieren, k\u00f6nnen diese Informationen von allen Nutzern eingesehen und au\u00dferhalb \u00f6ffentlich verbreitet werden. Wenn Sie mit anderen Nutzern interagieren oder sich \u00fcber einen Drittanbieter-Social-Media-Dienst registrieren, k\u00f6nnen Ihre Kontakte bei diesem Drittanbieter-Dienst Ihren Namen, Ihr Profil, Ihre Bilder und eine Beschreibung Ihrer Aktivit\u00e4ten sehen. Ebenso k\u00f6nnen andere Nutzer die Beschreibungen Ihrer Aktivit\u00e4ten einsehen, mit Ihnen kommunizieren und Ihr Profil ansehen.<\/li>\n\n\n\n<li><strong>Mit Ihrer Zustimmung:<\/strong>Wir k\u00f6nnen Ihre personenbezogenen Daten f\u00fcr jeden anderen Zweck offenlegen \u2013 mit Ihrer Zustimmung.<\/li>\n<\/ul>\n\n\n\n<h2 class=\"wp-block-heading\"><strong>Speicherung Ihrer Daten<\/strong><\/h2>\n\n\n\n<p>Das Unternehmen bewahrt Ihre personenbezogenen Daten nur so lange auf, wie es f\u00fcr die in dieser Datenschutzrichtlinie genannten Zwecke erforderlich ist. Wir bewahren und verwenden Ihre personenbezogenen Daten in dem Umfang auf, der erforderlich ist, um unseren gesetzlichen Verpflichtungen nachzukommen (zum Beispiel, wenn wir Ihre Daten aufbewahren m\u00fcssen, um geltende Gesetze einzuhalten), Streitigkeiten beizulegen und unsere rechtlichen Vereinbarungen und Richtlinien durchzusetzen.<\/p>\n\n\n\n<p>Das Unternehmen bewahrt auch Nutzungsdaten zu internen Analysezwecken auf. Nutzungsdaten werden im Allgemeinen f\u00fcr einen k\u00fcrzeren Zeitraum aufbewahrt, es sei denn, diese Daten werden verwendet, um die Sicherheit zu st\u00e4rken oder die Funktionalit\u00e4t unseres Dienstes zu verbessern, oder wir sind gesetzlich verpflichtet, diese Daten \u00fcber einen l\u00e4ngeren Zeitraum aufzubewahren.<\/p>\n\n\n\n<h2 class=\"wp-block-heading\"><strong>\u00dcbermittlung Ihrer personenbezogenen Daten<\/strong><\/h2>\n\n\n\n<p>Ihre Informationen, einschlie\u00dflich personenbezogener Daten, werden in den Betriebsb\u00fcros des Unternehmens und an allen anderen Orten verarbeitet, an denen sich die an der Verarbeitung beteiligten Parteien befinden. Das bedeutet, dass diese Informationen auf Server \u00fcbertragen und dort gespeichert werden k\u00f6nnen, die sich au\u00dferhalb Ihres Bundeslandes, Ihrer Provinz, Ihres Landes oder einer anderen staatlichen Gerichtsbarkeit befinden, wo die Datenschutzgesetze m\u00f6glicherweise von denen Ihrer Gerichtsbarkeit abweichen.<\/p>\n\n\n\n<p>Ihre Zustimmung zu dieser Datenschutzrichtlinie, gefolgt von Ihrer \u00dcbermittlung solcher Informationen, stellt Ihre Einwilligung zu dieser \u00dcbertragung dar.<\/p>\n\n\n\n<p>Das Unternehmen wird alle angemessenen Ma\u00dfnahmen ergreifen, um sicherzustellen, dass Ihre Daten sicher und in \u00dcbereinstimmung mit dieser Datenschutzrichtlinie behandelt werden und keine \u00dcbertragung Ihrer personenbezogenen Daten an eine Organisation oder ein Land erfolgt, sofern keine angemessenen Kontrollen vorhanden sind, einschlie\u00dflich der Sicherheit Ihrer Daten und anderer personenbezogener Informationen.<\/p>\n\n\n\n<h2 class=\"wp-block-heading\"><strong>L\u00f6schen Ihrer personenbezogenen Daten<\/strong><\/h2>\n\n\n\n<p>Sie haben das Recht, Ihre personenbezogenen Daten zu l\u00f6schen oder von uns zu verlangen, dass wir Sie bei der L\u00f6schung der \u00fcber Sie erfassten personenbezogenen Daten unterst\u00fctzen.<\/p>\n\n\n\n<p>Unser Service kann Ihnen die M\u00f6glichkeit geben, bestimmte Informationen \u00fcber Sie innerhalb des Dienstes zu l\u00f6schen.<\/p>\n\n\n\n<p>Sie k\u00f6nnen Ihre Informationen jederzeit aktualisieren, \u00e4ndern oder l\u00f6schen, indem Sie sich bei Ihrem Konto anmelden (sofern vorhanden) und den Abschnitt mit den Kontoeinstellungen aufrufen, in dem Sie Ihre personenbezogenen Daten verwalten k\u00f6nnen. Sie k\u00f6nnen uns auch kontaktieren, um Zugang zu Ihren personenbezogenen Daten zu erhalten, diese zu berichtigen oder zu l\u00f6schen.<\/p>\n\n\n\n<p>Bitte beachten Sie jedoch, dass wir bestimmte Informationen aufbewahren m\u00fcssen, wenn wir rechtlich dazu verpflichtet sind oder eine rechtm\u00e4\u00dfige Grundlage daf\u00fcr haben.<\/p>\n\n\n\n<h2 class=\"wp-block-heading\"><strong>Offenlegung Ihrer personenbezogenen Daten<\/strong><\/h2>\n\n\n\n<h3 class=\"wp-block-heading\"><strong>Gesch\u00e4ftstransaktionen<\/strong><\/h3>\n\n\n\n<p>Wenn das Unternehmen an einer Fusion, \u00dcbernahme oder einem Verkauf von Verm\u00f6genswerten beteiligt ist, k\u00f6nnen Ihre personenbezogenen Daten \u00fcbertragen werden. Wir werden Sie benachrichtigen, bevor Ihre personenbezogenen Daten \u00fcbertragen werden und einer anderen Datenschutzrichtlinie unterliegen.<\/p>\n\n\n\n<h3 class=\"wp-block-heading\"><strong>Strafverfolgung<\/strong><\/h3>\n\n\n\n<p>Unter bestimmten Umst\u00e4nden kann das Unternehmen verpflichtet sein, Ihre personenbezogenen Daten offenzulegen, wenn dies gesetzlich vorgeschrieben ist oder als Reaktion auf g\u00fcltige Anfragen von Beh\u00f6rden (z.\u202fB. einem Gericht oder einer Regierungsbeh\u00f6rde).<\/p>\n\n\n\n<h3 class=\"wp-block-heading\"><strong>Sonstige rechtliche Anforderungen<\/strong><\/h3>\n\n\n\n<p>Das Unternehmen kann Ihre personenbezogenen Daten in dem guten Glauben offenlegen, dass eine solche Ma\u00dfnahme erforderlich ist, um:<\/p>\n\n\n\n<ul class=\"wp-block-list\">\n<li>einer gesetzlichen Verpflichtung nachzukommen<\/li>\n\n\n\n<li>die Rechte oder das Eigentum des Unternehmens zu sch\u00fctzen und zu verteidigen<\/li>\n\n\n\n<li>m\u00f6gliches Fehlverhalten im Zusammenhang mit dem Dienst zu verhindern oder zu untersuchen<\/li>\n\n\n\n<li>die pers\u00f6nliche Sicherheit der Nutzer des Dienstes oder der \u00d6ffentlichkeit zu sch\u00fctzen<\/li>\n\n\n\n<li>sich gegen rechtliche Haftung zu sch\u00fctzen<\/li>\n<\/ul>\n\n\n\n<h2 class=\"wp-block-heading\"><strong>Sicherheit Ihrer personenbezogenen Daten<\/strong><\/h2>\n\n\n\n<p>Die Sicherheit Ihrer personenbezogenen Daten ist uns wichtig, aber bitte beachten Sie, dass keine Methode der \u00dcbertragung \u00fcber das Internet oder Methode der elektronischen Speicherung 100\u202f% sicher ist. Obwohl wir uns bem\u00fchen, wirtschaftlich vertretbare Mittel zum Schutz Ihrer personenbezogenen Daten einzusetzen, k\u00f6nnen wir deren absolute Sicherheit nicht garantieren.<\/p>\n\n\n\n<h1 class=\"wp-block-heading\"><strong>Datenschutz von Kindern<\/strong><\/h1>\n\n\n\n<p>Unser Dienst richtet sich nicht an Personen unter 13 Jahren. Wir erfassen nicht wissentlich personenbezogene Daten von Personen unter 13 Jahren. Wenn Sie ein Elternteil oder Erziehungsberechtigter sind und wissen, dass Ihr Kind uns personenbezogene Daten zur Verf\u00fcgung gestellt hat, kontaktieren Sie uns bitte. Wenn wir feststellen, dass wir personenbezogene Daten von Personen unter 13 Jahren ohne \u00dcberpr\u00fcfung der elterlichen Zustimmung erfasst haben, ergreifen wir Ma\u00dfnahmen, um diese Informationen von unseren Servern zu entfernen.<\/p>\n\n\n\n<p>Wenn wir auf Einwilligung als Rechtsgrundlage f\u00fcr die Verarbeitung Ihrer Daten angewiesen sind und Ihr Land die Einwilligung eines Elternteils verlangt, k\u00f6nnen wir die Einwilligung Ihrer Eltern einholen, bevor wir diese Informationen erfassen und verwenden.<\/p>\n\n\n\n<h1 class=\"wp-block-heading\"><strong>Links zu anderen Websites<\/strong><\/h1>\n\n\n\n<p>Unser Dienst kann Links zu anderen Websites enthalten, die nicht von uns betrieben werden. Wenn Sie auf einen Link eines Drittanbieters klicken, werden Sie zu dessen Website weitergeleitet. Wir empfehlen Ihnen dringend, die Datenschutzrichtlinie jeder Website, die Sie besuchen, zu \u00fcberpr\u00fcfen.<\/p>\n\n\n\n<p>Wir haben keine Kontrolle \u00fcber und \u00fcbernehmen keine Verantwortung f\u00fcr den Inhalt, die Datenschutzrichtlinien oder -praktiken von Websites oder Diensten Dritter.<\/p>\n\n\n\n<h1 class=\"wp-block-heading\"><strong>\u00c4nderungen dieser Datenschutzrichtlinie<\/strong><\/h1>\n\n\n\n<p>Wir k\u00f6nnen unsere Datenschutzrichtlinie von Zeit zu Zeit aktualisieren. Wir werden Sie \u00fcber alle \u00c4nderungen informieren, indem wir die neue Datenschutzrichtlinie auf dieser Seite ver\u00f6ffentlichen.<\/p>\n\n\n\n<p>Wir werden Sie per E-Mail und\/oder durch einen auff\u00e4lligen Hinweis in unserem Dienst informieren, bevor die \u00c4nderung wirksam wird, und das Datum \u201eZuletzt aktualisiert\u201c am oberen Rand dieser Datenschutzrichtlinie anpassen.<\/p>\n\n\n\n<p>Wir empfehlen Ihnen, diese Datenschutzrichtlinie regelm\u00e4\u00dfig auf \u00c4nderungen zu \u00fcberpr\u00fcfen. \u00c4nderungen an dieser Datenschutzrichtlinie treten in Kraft, sobald sie auf dieser Seite ver\u00f6ffentlicht werden.<\/p>\n\n\n\n<h1 class=\"wp-block-heading\"><strong>Kontakt<\/strong><\/h1>\n\n\n\n<p>Wenn Sie Fragen zu dieser Datenschutzrichtlinie haben, k\u00f6nnen Sie uns wie folgt kontaktieren:<\/p>\n\n\n\n<ul class=\"wp-block-list\">\n<li>Per E-Mail: <a href=\"mailto:mp@atlastechtrade.com\">mp@atlastechtrade.com<\/a><\/li>\n<\/ul>","protected":false},"excerpt":{"rendered":"<p>Last updated: May, 2025 This Privacy Policy describes Our policies and procedures on the collection, use and disclosure of Your [&hellip;]<\/p>","protected":false},"author":1,"featured_media":0,"parent":0,"menu_order":0,"comment_status":"closed","ping_status":"closed","template":"","meta":{"_acf_changed":false,"_uag_custom_page_level_css":"","site-sidebar-layout":"default","site-content-layout":"","ast-site-content-layout":"","site-content-style":"default","site-sidebar-style":"default","ast-global-header-display":"","ast-banner-title-visibility":"","ast-main-header-display":"","ast-hfb-above-header-display":"","ast-hfb-below-header-display":"","ast-hfb-mobile-header-display":"","site-post-title":"","ast-breadcrumbs-content":"","ast-featured-img":"","footer-sml-layout":"","theme-transparent-header-meta":"","adv-header-id-meta":"","stick-header-meta":"","header-above-stick-meta":"","header-main-stick-meta":"","header-below-stick-meta":"","astra-migrate-meta-layouts":"default","ast-page-background-enabled":"default","ast-page-background-meta":{"desktop":{"background-color":"var(--ast-global-color-4)","background-image":"","background-repeat":"repeat","background-position":"center center","background-size":"auto","background-attachment":"scroll","background-type":"","background-media":"","overlay-type":"","overlay-color":"","overlay-opacity":"","overlay-gradient":""},"tablet":{"background-color":"","background-image":"","background-repeat":"repeat","background-position":"center center","background-size":"auto","background-attachment":"scroll","background-type":"","background-media":"","overlay-type":"","overlay-color":"","overlay-opacity":"","overlay-gradient":""},"mobile":{"background-color":"","background-image":"","background-repeat":"repeat","background-position":"center center","background-size":"auto","background-attachment":"scroll","background-type":"","background-media":"","overlay-type":"","overlay-color":"","overlay-opacity":"","overlay-gradient":""}},"ast-content-background-meta":{"desktop":{"background-color":"var(--ast-global-color-5)","background-image":"","background-repeat":"repeat","background-position":"center center","background-size":"auto","background-attachment":"scroll","background-type":"","background-media":"","overlay-type":"","overlay-color":"","overlay-opacity":"","overlay-gradient":""},"tablet":{"background-color":"var(--ast-global-color-5)","background-image":"","background-repeat":"repeat","background-position":"center center","background-size":"auto","background-attachment":"scroll","background-type":"","background-media":"","overlay-type":"","overlay-color":"","overlay-opacity":"","overlay-gradient":""},"mobile":{"background-color":"var(--ast-global-color-5)","background-image":"","background-repeat":"repeat","background-position":"center center","background-size":"auto","background-attachment":"scroll","background-type":"","background-media":"","overlay-type":"","overlay-color":"","overlay-opacity":"","overlay-gradient":""}},"footnotes":""},"class_list":["post-31","page","type-page","status-publish","hentry"],"acf":[],"uagb_featured_image_src":{"full":false,"thumbnail":false,"medium":false,"medium_large":false,"large":false,"1536x1536":false,"2048x2048":false,"trp-custom-language-flag":false},"uagb_author_info":{"display_name":"marpohl","author_link":"http:\/\/atlastechtrade.com\/de\/author\/marpohl\/"},"uagb_comment_info":0,"uagb_excerpt":"Last updated: May, 2025 This Privacy Policy describes Our policies and procedures on the collection, use and disclosure of Your [&hellip;]","_links":{"self":[{"href":"http:\/\/atlastechtrade.com\/de\/wp-json\/wp\/v2\/pages\/31","targetHints":{"allow":["GET"]}}],"collection":[{"href":"http:\/\/atlastechtrade.com\/de\/wp-json\/wp\/v2\/pages"}],"about":[{"href":"http:\/\/atlastechtrade.com\/de\/wp-json\/wp\/v2\/types\/page"}],"author":[{"embeddable":true,"href":"http:\/\/atlastechtrade.com\/de\/wp-json\/wp\/v2\/users\/1"}],"replies":[{"embeddable":true,"href":"http:\/\/atlastechtrade.com\/de\/wp-json\/wp\/v2\/comments?post=31"}],"version-history":[{"count":7,"href":"http:\/\/atlastechtrade.com\/de\/wp-json\/wp\/v2\/pages\/31\/revisions"}],"predecessor-version":[{"id":920,"href":"http:\/\/atlastechtrade.com\/de\/wp-json\/wp\/v2\/pages\/31\/revisions\/920"}],"wp:attachment":[{"href":"http:\/\/atlastechtrade.com\/de\/wp-json\/wp\/v2\/media?parent=31"}],"curies":[{"name":"wp","href":"https:\/\/api.w.org\/{rel}","templated":true}]}}