{"id":485,"date":"2025-04-19T09:18:44","date_gmt":"2025-04-19T07:18:44","guid":{"rendered":"https:\/\/atlastechtrade.com\/home\/"},"modified":"2025-07-16T13:04:02","modified_gmt":"2025-07-16T11:04:02","slug":"home","status":"publish","type":"page","link":"http:\/\/atlastechtrade.com\/de\/","title":{"rendered":"Home"},"content":{"rendered":"<div class=\"wp-block-uagb-container uagb-block-9a40d1fd alignfull uagb-is-root-container\"><div class=\"uagb-container-inner-blocks-wrap\">\n<div class=\"wp-block-uagb-info-box uagb-block-1bf74cd4 uagb-infobox__content-wrap  uagb-infobox-icon-above-title uagb-infobox-image-valign-top\"><div class=\"uagb-ifb-content\"><div class=\"uagb-ifb-title-wrap\"><span class=\"uagb-ifb-title-prefix\">Ihr starker Partner f\u00fcr globalen Handel<\/span><h1 class=\"uagb-ifb-title\">Global Trade, Done Right<\/h1><\/div><div class=\"uagb-ifb-button-wrapper wp-block-button\"><a href=\"\/de\/about-2\/\" class=\"uagb-infobox-cta-link wp-block-button__link\" target=\"_self\" rel=\"noopener noreferrer\" onclick=\"return true;\"><span class=\"uagb-inline-editing\">Mehr entdecken<\/span><\/a><\/div><\/div><\/div>\n<\/div><\/div>\n\n\n\n<p class=\"has-medium-font-size\" style=\"padding-top:var(--wp--preset--spacing--80);padding-right:0;padding-bottom:0;padding-left:0\">Atlas Tech Trade ist ein unabh\u00e4ngiges Handelsunternehmen, das sich auf Solar- und Energiesysteme, Baustoffe sowie gro\u00dftechnische Industrieg\u00fcter spezialisiert hat.<\/p>\n\n\n\n<p><\/p>\n\n\n\n<p class=\"has-medium-font-size\">Mit starken Beschaffungsnetzwerken in Europa, Asien und dem Nahen Osten sichern wir schnell attraktive Angebote f\u00fcr robuste, hochwertige Waren \u2013 und liefern sie dorthin, wo sie gebraucht werden. <\/p>\n\n\n\n<p class=\"has-medium-font-size\" style=\"border-style:none;border-width:0px;padding-bottom:var(--wp--preset--spacing--80)\">Atlas Tech Trade unterst\u00fctzt Ihr Unternehmen mit verl\u00e4sslichen Beschaffungsl\u00f6sungen und hochwertigen Produkten.<\/p>\n\n\n\n<div class=\"wp-block-uagb-container uagb-block-cdf81929 alignfull uagb-is-root-container\"><div class=\"uagb-container-inner-blocks-wrap\"><\/div><\/div>\n\n\n\n<div class=\"wp-block-uagb-container uagb-layout-grid uagb-block-70b527b2 alignfull uagb-is-root-container\"><div class=\"uagb-container-inner-blocks-wrap\">\n<div class=\"wp-block-uagb-info-box uagb-block-73db92f6 uagb-infobox__content-wrap  uagb-infobox-icon-above-title uagb-infobox-image-valign-top\"><div class=\"uagb-ifb-content\"><div class=\"uagb-ifb-title-wrap\"><h2 class=\"uagb-ifb-title\">Profitieren Sie von unseren globalen Netzwerken<\/h2><\/div><div class=\"uagb-ifb-button-wrapper wp-block-button\"><a href=\"\/de\/about\/\" class=\"uagb-infobox-cta-link wp-block-button__link\" target=\"_self\" rel=\"noopener noreferrer\" onclick=\"return true;\"><span class=\"uagb-inline-editing\">Mehr lesen<\/span><svg xmlns=\"https:\/\/www.w3.org\/2000\/svg\" viewbox=\"0 0 512 512\"><path d=\"M504.3 273.6l-112.1 104c-6.992 6.484-17.18 8.218-25.94 4.406c-8.758-3.812-14.42-12.45-14.42-21.1L351.9 288H32C14.33 288 .0002 273.7 .0002 255.1S14.33 224 32 224h319.9l0-72c0-9.547 5.66-18.19 14.42-22c8.754-3.809 18.95-2.075 25.94 4.41l112.1 104C514.6 247.9 514.6 264.1 504.3 273.6z\"><\/path><\/svg><\/a><\/div><\/div><\/div>\n\n\n\n<div class=\"wp-block-uagb-image alignright uagb-block-d4173702 wp-block-uagb-image--layout-default wp-block-uagb-image--effect-static wp-block-uagb-image--align-right\"><figure class=\"wp-block-uagb-image__figure\"><img decoding=\"async\" srcset=\"http:\/\/atlastechtrade.com\/wp-content\/uploads\/2025\/04\/pexels-photo-12530465.jpeg ,http:\/\/atlastechtrade.com\/wp-content\/uploads\/2025\/04\/pexels-photo-12530465.jpeg 780w, http:\/\/atlastechtrade.com\/wp-content\/uploads\/2025\/04\/pexels-photo-12530465.jpeg 360w\" sizes=\"auto, (max-width: 480px) 150px\" src=\"http:\/\/atlastechtrade.com\/wp-content\/uploads\/2025\/04\/pexels-photo-12530465.jpeg\" alt=\"\" class=\"uag-image-117\" width=\"540\" height=\"500\" title=\"\" loading=\"lazy\" role=\"img\"\/><\/figure><\/div>\n<\/div><\/div>\n\n\n\n<div class=\"wp-block-uagb-container uagb-layout-grid uagb-block-ebe09c92 alignfull uagb-is-root-container\"><div class=\"uagb-container-inner-blocks-wrap\">\n<div class=\"wp-block-uagb-container uagb-layout-grid uagb-block-af26ebbb\">\n<div class=\"wp-block-uagb-info-box uagb-block-e3f29ab4 uagb-infobox__content-wrap  uagb-infobox-icon-left uagb-infobox-left uagb-infobox-stacked-mobile uagb-infobox-image-valign-top\"><div class=\"uagb-ifb-icon-wrap\"><div class=\"uagb-iconbox-icon-wrap uagb-infobox-shape-circle\"><svg xmlns=\"https:\/\/www.w3.org\/2000\/svg\" viewbox=\"0 0 512 512\"><path d=\"M256 159.1c-53.02 0-95.1 42.98-95.1 95.1S202.1 351.1 256 351.1s95.1-42.98 95.1-95.1S309 159.1 256 159.1zM509.3 347L446.1 255.1l63.15-91.01c6.332-9.125 1.104-21.74-9.826-23.72l-109-19.7l-19.7-109c-1.975-10.93-14.59-16.16-23.72-9.824L256 65.89L164.1 2.736c-9.125-6.332-21.74-1.107-23.72 9.824L121.6 121.6L12.56 141.3C1.633 143.2-3.596 155.9 2.736 164.1L65.89 256l-63.15 91.01c-6.332 9.125-1.105 21.74 9.824 23.72l109 19.7l19.7 109c1.975 10.93 14.59 16.16 23.72 9.824L256 446.1l91.01 63.15c9.127 6.334 21.75 1.107 23.72-9.822l19.7-109l109-19.7C510.4 368.8 515.6 356.1 509.3 347zM256 383.1c-70.69 0-127.1-57.31-127.1-127.1c0-70.69 57.31-127.1 127.1-127.1s127.1 57.3 127.1 127.1C383.1 326.7 326.7 383.1 256 383.1z\"><\/path><\/svg><\/div><\/div><div class=\"uagb-ifb-content\"><div class=\"uagb-ifb-title-wrap\"><p class=\"uagb-ifb-title\">Solartechnik<\/p><\/div><p class=\"uagb-ifb-desc\">Solarmodule, Wechselrichter, Energiespeicher und mehr<\/p><\/div><\/div>\n\n\n\n<div class=\"wp-block-uagb-info-box uagb-block-7373249e uagb-infobox__content-wrap  uagb-infobox-icon-left uagb-infobox-left uagb-infobox-stacked-mobile uagb-infobox-image-valign-top\"><div class=\"uagb-ifb-icon-wrap\"><div class=\"uagb-iconbox-icon-wrap uagb-infobox-shape-circle\"><svg xmlns=\"https:\/\/www.w3.org\/2000\/svg\" viewbox=\"0 0 576 512\"><path d=\"M568.1 196.3l-22.62-22.62c-4.533-4.533-10.56-7.029-16.97-7.029s-12.44 2.496-16.97 7.029l-5.654 5.656l-20.12-20.12c4.596-23.46-2.652-47.9-19.47-64.73l-45.25-45.25C390.2 17.47 347.1 0 303.1 0C258.2 0 216 17.47 184.3 49.21L176.5 57.05L272.5 105.1v13.81c0 18.95 7.688 37.5 21.09 50.91l49.16 49.14c13.44 13.45 31.39 20.86 50.54 20.86c4.758 0 9.512-.4648 14.18-1.387l20.12 20.12l-5.654 5.654c-9.357 9.357-9.357 24.58-.002 33.94l22.62 22.62c4.535 4.533 10.56 7.031 16.97 7.031s12.44-2.498 16.97-7.031l90.53-90.5C578.3 220.8 578.3 205.6 568.1 196.3zM270.9 192.4c-3.846-3.846-7.197-8.113-10.37-12.49l-239.5 209.2c-28.12 28.12-28.16 73.72-.0371 101.8C35.12 505 53.56 512 71.1 512s36.84-7.031 50.91-21.09l209.1-239.4c-4.141-3.061-8.184-6.289-11.89-9.996L270.9 192.4z\"><\/path><\/svg><\/div><\/div><div class=\"uagb-ifb-content\"><div class=\"uagb-ifb-title-wrap\"><p class=\"uagb-ifb-title\">Bauwesen<\/p><\/div><p class=\"uagb-ifb-desc\">Technologie und Materialien f\u00fcr die Bauindustrie<\/p><\/div><\/div>\n\n\n\n<div class=\"wp-block-uagb-info-box uagb-block-5d8d7f79 uagb-infobox__content-wrap  uagb-infobox-icon-left uagb-infobox-left uagb-infobox-stacked-mobile uagb-infobox-image-valign-top\"><div class=\"uagb-ifb-icon-wrap\"><div class=\"uagb-iconbox-icon-wrap uagb-infobox-shape-circle\"><svg xmlns=\"https:\/\/www.w3.org\/2000\/svg\" viewbox=\"0 0 512 512\"><path d=\"M331.8 224.1c28.29 0 54.88 10.99 74.86 30.97l19.59 19.59c40.01-17.74 71.25-53.3 81.62-96.65c5.725-23.92 5.34-47.08 .2148-68.4c-2.613-10.88-16.43-14.51-24.34-6.604l-68.9 68.9h-75.6V97.2l68.9-68.9c7.912-7.912 4.275-21.73-6.604-24.34c-21.32-5.125-44.48-5.51-68.4 .2148c-55.3 13.23-98.39 60.22-107.2 116.4C224.5 128.9 224.2 137 224.3 145l82.78 82.86C315.2 225.1 323.5 224.1 331.8 224.1zM384 278.6c-23.16-23.16-57.57-27.57-85.39-13.9L191.1 158L191.1 95.99l-127.1-95.99L0 63.1l96 127.1l62.04 .0077l106.7 106.6c-13.67 27.82-9.251 62.23 13.91 85.39l117 117.1c14.62 14.5 38.21 14.5 52.71-.0016l52.75-52.75c14.5-14.5 14.5-38.08-.0016-52.71L384 278.6zM227.9 307L168.7 247.9l-148.9 148.9c-26.37 26.37-26.37 69.08 0 95.45C32.96 505.4 50.21 512 67.5 512s34.54-6.592 47.72-19.78l119.1-119.1C225.5 352.3 222.6 329.4 227.9 307zM64 472c-13.25 0-24-10.75-24-24c0-13.26 10.75-24 24-24S88 434.7 88 448C88 461.3 77.25 472 64 472z\"><\/path><\/svg><\/div><\/div><div class=\"uagb-ifb-content\"><div class=\"uagb-ifb-title-wrap\"><p class=\"uagb-ifb-title\">Schwermaschinen und Industrietechnik<\/p><\/div><p class=\"uagb-ifb-desc\">Medizintechnik, Transformatoren, Generatoren und mehr<\/p><\/div><\/div>\n<\/div>\n<\/div><\/div>\n\n\n\n<div class=\"wp-block-uagb-container uagb-block-a8023e04 alignfull uagb-is-root-container\"><div class=\"uagb-container-inner-blocks-wrap\">\n<div class=\"wp-block-uagb-info-box uagb-block-51faea92 uagb-infobox__content-wrap  uagb-infobox-icon-above-title uagb-infobox-image-valign-top\">\n  <div class=\"uagb-ifb-content\">\n    <div class=\"uagb-ifb-title-wrap\">\n      <h2 class=\"uagb-ifb-title\">So einfach geht\u2019s weiter<\/h2>\n    <\/div>\n    <p class=\"uagb-ifb-desc\">Kontaktieren Sie uns noch heute und erfahren Sie, wie Atlas Tech Trade Ihre Handelsprozesse effizienter gestaltet und Ihnen echten Mehrwert bietet.<\/p>\n  <\/div>\n<\/div>\n\n\n\n<div class=\"wp-block-uagb-container uagb-block-fa130a12\"><\/div>\n<\/div><\/div>","protected":false},"excerpt":{"rendered":"<p>Your Trusted Trading Partner Global Trade, Done Right Discover More Atlas Tech Trade is an independent trading company specializing in [&hellip;]<\/p>","protected":false},"author":1,"featured_media":0,"parent":0,"menu_order":0,"comment_status":"closed","ping_status":"closed","template":"","meta":{"_acf_changed":false,"_uag_custom_page_level_css":"","site-sidebar-layout":"no-sidebar","site-content-layout":"","ast-site-content-layout":"normal-width-container","site-content-style":"default","site-sidebar-style":"default","ast-global-header-display":"","ast-banner-title-visibility":"disabled","ast-main-header-display":"","ast-hfb-above-header-display":"","ast-hfb-below-header-display":"","ast-hfb-mobile-header-display":"","site-post-title":"","ast-breadcrumbs-content":"","ast-featured-img":"","footer-sml-layout":"","theme-transparent-header-meta":"enabled","adv-header-id-meta":"","stick-header-meta":"","header-above-stick-meta":"","header-main-stick-meta":"","header-below-stick-meta":"","astra-migrate-meta-layouts":"default","ast-page-background-enabled":"default","ast-page-background-meta":{"desktop":{"background-color":"var(--ast-global-color-4)","background-image":"","background-repeat":"repeat","background-position":"center center","background-size":"auto","background-attachment":"scroll","background-type":"","background-media":"","overlay-type":"","overlay-color":"","overlay-opacity":"","overlay-gradient":""},"tablet":{"background-color":"","background-image":"","background-repeat":"repeat","background-position":"center center","background-size":"auto","background-attachment":"scroll","background-type":"","background-media":"","overlay-type":"","overlay-color":"","overlay-opacity":"","overlay-gradient":""},"mobile":{"background-color":"","background-image":"","background-repeat":"repeat","background-position":"center center","background-size":"auto","background-attachment":"scroll","background-type":"","background-media":"","overlay-type":"","overlay-color":"","overlay-opacity":"","overlay-gradient":""}},"ast-content-background-meta":{"desktop":{"background-color":"var(--ast-global-color-5)","background-image":"","background-repeat":"repeat","background-position":"center center","background-size":"auto","background-attachment":"scroll","background-type":"","background-media":"","overlay-type":"","overlay-color":"","overlay-opacity":"","overlay-gradient":""},"tablet":{"background-color":"var(--ast-global-color-5)","background-image":"","background-repeat":"repeat","background-position":"center center","background-size":"auto","background-attachment":"scroll","background-type":"","background-media":"","overlay-type":"","overlay-color":"","overlay-opacity":"","overlay-gradient":""},"mobile":{"background-color":"var(--ast-global-color-5)","background-image":"","background-repeat":"repeat","background-position":"center center","background-size":"auto","background-attachment":"scroll","background-type":"","background-media":"","overlay-type":"","overlay-color":"","overlay-opacity":"","overlay-gradient":""}},"footnotes":""},"class_list":["post-485","page","type-page","status-publish","hentry"],"acf":[],"uagb_featured_image_src":{"full":false,"thumbnail":false,"medium":false,"medium_large":false,"large":false,"1536x1536":false,"2048x2048":false,"trp-custom-language-flag":false},"uagb_author_info":{"display_name":"marpohl","author_link":"http:\/\/atlastechtrade.com\/de\/author\/marpohl\/"},"uagb_comment_info":0,"uagb_excerpt":"Your Trusted Trading Partner Global Trade, Done Right Discover More Atlas Tech Trade is an independent trading company specializing in [&hellip;]","_links":{"self":[{"href":"http:\/\/atlastechtrade.com\/de\/wp-json\/wp\/v2\/pages\/485","targetHints":{"allow":["GET"]}}],"collection":[{"href":"http:\/\/atlastechtrade.com\/de\/wp-json\/wp\/v2\/pages"}],"about":[{"href":"http:\/\/atlastechtrade.com\/de\/wp-json\/wp\/v2\/types\/page"}],"author":[{"embeddable":true,"href":"http:\/\/atlastechtrade.com\/de\/wp-json\/wp\/v2\/users\/1"}],"replies":[{"embeddable":true,"href":"http:\/\/atlastechtrade.com\/de\/wp-json\/wp\/v2\/comments?post=485"}],"version-history":[{"count":23,"href":"http:\/\/atlastechtrade.com\/de\/wp-json\/wp\/v2\/pages\/485\/revisions"}],"predecessor-version":[{"id":882,"href":"http:\/\/atlastechtrade.com\/de\/wp-json\/wp\/v2\/pages\/485\/revisions\/882"}],"wp:attachment":[{"href":"http:\/\/atlastechtrade.com\/de\/wp-json\/wp\/v2\/media?parent=485"}],"curies":[{"name":"wp","href":"https:\/\/api.w.org\/{rel}","templated":true}]}}