{"id":487,"date":"2025-04-19T09:18:44","date_gmt":"2025-04-19T07:18:44","guid":{"rendered":"https:\/\/atlastechtrade.com\/about-2\/"},"modified":"2025-05-25T21:06:42","modified_gmt":"2025-05-25T19:06:42","slug":"about-2","status":"publish","type":"page","link":"http:\/\/atlastechtrade.com\/de\/about-2\/","title":{"rendered":"\u00dcber"},"content":{"rendered":"<div class=\"wp-block-uagb-container uagb-block-90030810 alignfull uagb-is-root-container\"><div class=\"uagb-container-inner-blocks-wrap\">\n<div class=\"wp-block-uagb-advanced-heading uagb-block-eb69cfac\"><h1 class=\"uagb-heading-text\">Unsere Geschichte<\/h1><\/div>\n<\/div><\/div>\n\n\n\n<div class=\"wp-block-uagb-container uagb-block-8595fcf5 alignfull uagb-is-root-container\"><div class=\"uagb-container-inner-blocks-wrap\">\n<div class=\"wp-block-uagb-advanced-heading uagb-block-a1318768\"><h2 class=\"uagb-heading-text\">Erfahrung und Integrit\u00e4t<\/h2><\/div>\n\n\n\n<div class=\"wp-block-uagb-container uagb-block-10015650 default uagb-is-root-container\">\n<div class=\"wp-block-uagb-container uagb-block-1e62bf29\">\n<div class=\"wp-block-uagb-image alignleft uagb-block-d89abefd wp-block-uagb-image--layout-default wp-block-uagb-image--effect-static wp-block-uagb-image--align-left\"><figure class=\"wp-block-uagb-image__figure\"><img decoding=\"async\" srcset=\"http:\/\/atlastechtrade.com\/wp-content\/uploads\/2024\/03\/cropped-cropped-rock-wall-2000.jpeg ,http:\/\/atlastechtrade.com\/wp-content\/uploads\/2024\/03\/cropped-cropped-rock-wall-2000.jpeg 780w, http:\/\/atlastechtrade.com\/wp-content\/uploads\/2024\/03\/cropped-cropped-rock-wall-2000.jpeg 360w\" sizes=\"auto, (max-width: 480px) 150px\" src=\"http:\/\/atlastechtrade.com\/wp-content\/uploads\/2024\/03\/cropped-cropped-rock-wall-2000.jpeg\" alt=\"\" class=\"uag-image-106\" width=\"360\" height=\"440\" title=\"cropped-cropped-rock-wall-2000.jpeg\" loading=\"lazy\" role=\"img\"\/><\/figure><\/div>\n<\/div>\n\n\n\n<div class=\"wp-block-uagb-container uagb-block-0d580909\">\n<div class=\"wp-block-uagb-image alignright uagb-block-4099a102 wp-block-uagb-image--layout-default wp-block-uagb-image--effect-static wp-block-uagb-image--align-right\"><figure class=\"wp-block-uagb-image__figure\"><img decoding=\"async\" srcset=\"http:\/\/atlastechtrade.com\/wp-content\/uploads\/2025\/05\/pexels-pixabay-356049-1024x680.jpg ,http:\/\/atlastechtrade.com\/wp-content\/uploads\/2025\/05\/pexels-pixabay-356049.jpg 780w, http:\/\/atlastechtrade.com\/wp-content\/uploads\/2025\/05\/pexels-pixabay-356049.jpg 360w\" sizes=\"auto, (max-width: 480px) 150px\" src=\"http:\/\/atlastechtrade.com\/wp-content\/uploads\/2025\/05\/pexels-pixabay-356049-1024x680.jpg\" alt=\"\" class=\"uag-image-801\" width=\"800\" height=\"440\" title=\"pexels-pixabay-356049\" loading=\"lazy\" role=\"img\"\/><\/figure><\/div>\n\n\n\n<div class=\"wp-block-uagb-advanced-heading uagb-block-ea0685d9\"><p class=\"uagb-heading-text\">Gegr\u00fcndet von Branchenexperten, bringt unser Gesch\u00e4ftsf\u00fchrer umfassende Erfahrung im internationalen Handel mit und sorgt daf\u00fcr, dass jede Transaktion mit h\u00f6chster Sorgfalt und Effizienz abgewickelt wird.<\/p><p class=\"uagb-desc-text\">Mit langj\u00e4hriger Expertise in internationalem Handel und Logistik hat sich Atlas Tech Trade einen hervorragenden Ruf f\u00fcr Zuverl\u00e4ssigkeit und Qualit\u00e4t erarbeitet. Unser Team ist darauf spezialisiert, die Komplexit\u00e4t globaler Beschaffungsprozesse sicher zu navigieren und ma\u00dfgeschneiderte L\u00f6sungen f\u00fcr unsere Kunden zu bieten.<\/p><\/div>\n<\/div>\n<\/div>\n<\/div><\/div>\n\n\n\n<div class=\"wp-block-uagb-container uag-hide-desktop uag-hide-tab uag-hide-mob uagb-block-97da0e9c alignfull uagb-is-root-container\"><div class=\"uagb-container-inner-blocks-wrap\">\n<div class=\"wp-block-uagb-advanced-heading uagb-block-29d512d7\"><h2 class=\"uagb-heading-text\">Meet the Founders<\/h2><p class=\"uagb-desc-text\">Markusuricio Quintana Rau, is industry veteran with over a decade of experience. His background is in automotive, where he has &lt;achievement A, position B, etc.&gt;, Mauricio has founded QP Commodities driven by a passion for quality trade. His background spans from&lt;X to Z&gt;, giving him a unique perspective on global markets.<br><br><\/p><\/div>\n\n\n\n<div class=\"wp-block-uagb-image alignright uagb-block-2b7fcaa8 wp-block-uagb-image--layout-default wp-block-uagb-image--effect-static wp-block-uagb-image--align-right\"><figure class=\"wp-block-uagb-image__figure\"><img decoding=\"async\" srcset=\"http:\/\/atlastechtrade.com\/wp-content\/uploads\/2023\/08\/founder-skip-01.jpg ,http:\/\/atlastechtrade.com\/wp-content\/uploads\/2023\/08\/founder-skip-01.jpg 780w, http:\/\/atlastechtrade.com\/wp-content\/uploads\/2023\/08\/founder-skip-01.jpg 360w\" sizes=\"auto, (max-width: 480px) 150px\" src=\"http:\/\/atlastechtrade.com\/wp-content\/uploads\/2023\/08\/founder-skip-01.jpg\" alt=\"\" class=\"uag-image-53\" width=\"544\" height=\"500\" title=\"\" loading=\"lazy\" role=\"img\"\/><\/figure><\/div>\n<\/div><\/div>\n\n\n\n<div class=\"wp-block-uagb-container uag-hide-desktop uag-hide-tab uag-hide-mob uagb-block-11038ffb alignfull uagb-is-root-container\"><div class=\"uagb-container-inner-blocks-wrap\">\n<div class=\"wp-block-uagb-advanced-heading uagb-block-b72e6122\"><h2 class=\"uagb-heading-text\">Meet the Founders<\/h2><\/div>\n\n\n\n<div class=\"wp-block-uagb-image alignright uagb-block-8ca8ba3b wp-block-uagb-image--layout-default wp-block-uagb-image--effect-static wp-block-uagb-image--align-right\"><figure class=\"wp-block-uagb-image__figure\"><img decoding=\"async\" srcset=\"http:\/\/atlastechtrade.com\/wp-content\/uploads\/2023\/08\/founder-skip-01.jpg ,http:\/\/atlastechtrade.com\/wp-content\/uploads\/2023\/08\/founder-skip-01.jpg 780w, http:\/\/atlastechtrade.com\/wp-content\/uploads\/2023\/08\/founder-skip-01.jpg 360w\" sizes=\"auto, (max-width: 480px) 150px\" src=\"http:\/\/atlastechtrade.com\/wp-content\/uploads\/2023\/08\/founder-skip-01.jpg\" alt=\"\" class=\"uag-image-53\" width=\"544\" height=\"500\" title=\"\" loading=\"lazy\" role=\"img\"\/><\/figure><\/div>\n<\/div><\/div>\n\n\n\n<div class=\"wp-block-uagb-container uagb-block-a8023e04 alignfull uagb-is-root-container\"><div class=\"uagb-container-inner-blocks-wrap\">\n<div class=\"wp-block-uagb-info-box uagb-block-51faea92 uagb-infobox__content-wrap  uagb-infobox-icon-above-title uagb-infobox-image-valign-top\">\n  <div class=\"uagb-ifb-content\">\n    <div class=\"uagb-ifb-title-wrap\">\n      <h2 class=\"uagb-ifb-title\">So einfach geht\u2019s weiter<\/h2>\n    <\/div>\n    <p class=\"uagb-ifb-desc\">Kontaktieren Sie uns noch heute und erfahren Sie, wie Atlas Tech Trade Ihre Handelsprozesse effizienter gestaltet und Ihnen echten Mehrwert bietet.<\/p>\n  <\/div>\n<\/div>\n\n\n\n<div class=\"wp-block-uagb-container uagb-block-fa130a12\"><\/div>\n<\/div><\/div>","protected":false},"excerpt":{"rendered":"<p>Our Story Experience and Unmatched Integrity Founded by industry experts, our leader brings extensive experience in international trade, ensuring every [&hellip;]<\/p>","protected":false},"author":1,"featured_media":73,"parent":0,"menu_order":0,"comment_status":"closed","ping_status":"closed","template":"","meta":{"_acf_changed":false,"_uag_custom_page_level_css":"","site-sidebar-layout":"no-sidebar","site-content-layout":"","ast-site-content-layout":"normal-width-container","site-content-style":"default","site-sidebar-style":"default","ast-global-header-display":"","ast-banner-title-visibility":"disabled","ast-main-header-display":"","ast-hfb-above-header-display":"","ast-hfb-below-header-display":"","ast-hfb-mobile-header-display":"","site-post-title":"","ast-breadcrumbs-content":"","ast-featured-img":"","footer-sml-layout":"","theme-transparent-header-meta":"enabled","adv-header-id-meta":"","stick-header-meta":"","header-above-stick-meta":"","header-main-stick-meta":"","header-below-stick-meta":"","astra-migrate-meta-layouts":"default","ast-page-background-enabled":"default","ast-page-background-meta":{"desktop":{"background-color":"var(--ast-global-color-4)","background-image":"","background-repeat":"repeat","background-position":"center center","background-size":"auto","background-attachment":"scroll","background-type":"","background-media":"","overlay-type":"","overlay-color":"","overlay-opacity":"","overlay-gradient":""},"tablet":{"background-color":"","background-image":"","background-repeat":"repeat","background-position":"center center","background-size":"auto","background-attachment":"scroll","background-type":"","background-media":"","overlay-type":"","overlay-color":"","overlay-opacity":"","overlay-gradient":""},"mobile":{"background-color":"","background-image":"","background-repeat":"repeat","background-position":"center center","background-size":"auto","background-attachment":"scroll","background-type":"","background-media":"","overlay-type":"","overlay-color":"","overlay-opacity":"","overlay-gradient":""}},"ast-content-background-meta":{"desktop":{"background-color":"var(--ast-global-color-5)","background-image":"","background-repeat":"repeat","background-position":"center center","background-size":"auto","background-attachment":"scroll","background-type":"","background-media":"","overlay-type":"","overlay-color":"","overlay-opacity":"","overlay-gradient":""},"tablet":{"background-color":"var(--ast-global-color-5)","background-image":"","background-repeat":"repeat","background-position":"center center","background-size":"auto","background-attachment":"scroll","background-type":"","background-media":"","overlay-type":"","overlay-color":"","overlay-opacity":"","overlay-gradient":""},"mobile":{"background-color":"var(--ast-global-color-5)","background-image":"","background-repeat":"repeat","background-position":"center center","background-size":"auto","background-attachment":"scroll","background-type":"","background-media":"","overlay-type":"","overlay-color":"","overlay-opacity":"","overlay-gradient":""}},"footnotes":""},"class_list":["post-487","page","type-page","status-publish","has-post-thumbnail","hentry"],"acf":[],"uagb_featured_image_src":{"full":["http:\/\/atlastechtrade.com\/wp-content\/uploads\/2024\/03\/crystals-3000-scaled.jpeg",2560,1333,false],"thumbnail":["http:\/\/atlastechtrade.com\/wp-content\/uploads\/2024\/03\/crystals-3000-150x150.jpeg",150,150,true],"medium":["http:\/\/atlastechtrade.com\/wp-content\/uploads\/2024\/03\/crystals-3000-300x156.jpeg",300,156,true],"medium_large":["http:\/\/atlastechtrade.com\/wp-content\/uploads\/2024\/03\/crystals-3000-768x400.jpeg",768,400,true],"large":["http:\/\/atlastechtrade.com\/wp-content\/uploads\/2024\/03\/crystals-3000-1024x533.jpeg",1024,533,true],"1536x1536":["http:\/\/atlastechtrade.com\/wp-content\/uploads\/2024\/03\/crystals-3000-1536x800.jpeg",1536,800,true],"2048x2048":["http:\/\/atlastechtrade.com\/wp-content\/uploads\/2024\/03\/crystals-3000-2048x1066.jpeg",2048,1066,true],"trp-custom-language-flag":["http:\/\/atlastechtrade.com\/wp-content\/uploads\/2024\/03\/crystals-3000-scaled.jpeg",18,9,false]},"uagb_author_info":{"display_name":"marpohl","author_link":"http:\/\/atlastechtrade.com\/de\/author\/marpohl\/"},"uagb_comment_info":0,"uagb_excerpt":"Our Story Experience and Unmatched Integrity Founded by industry experts, our leader brings extensive experience in international trade, ensuring every [&hellip;]","_links":{"self":[{"href":"http:\/\/atlastechtrade.com\/de\/wp-json\/wp\/v2\/pages\/487","targetHints":{"allow":["GET"]}}],"collection":[{"href":"http:\/\/atlastechtrade.com\/de\/wp-json\/wp\/v2\/pages"}],"about":[{"href":"http:\/\/atlastechtrade.com\/de\/wp-json\/wp\/v2\/types\/page"}],"author":[{"embeddable":true,"href":"http:\/\/atlastechtrade.com\/de\/wp-json\/wp\/v2\/users\/1"}],"replies":[{"embeddable":true,"href":"http:\/\/atlastechtrade.com\/de\/wp-json\/wp\/v2\/comments?post=487"}],"version-history":[{"count":17,"href":"http:\/\/atlastechtrade.com\/de\/wp-json\/wp\/v2\/pages\/487\/revisions"}],"predecessor-version":[{"id":804,"href":"http:\/\/atlastechtrade.com\/de\/wp-json\/wp\/v2\/pages\/487\/revisions\/804"}],"wp:featuredmedia":[{"embeddable":true,"href":"http:\/\/atlastechtrade.com\/de\/wp-json\/wp\/v2\/media\/73"}],"wp:attachment":[{"href":"http:\/\/atlastechtrade.com\/de\/wp-json\/wp\/v2\/media?parent=487"}],"curies":[{"name":"wp","href":"https:\/\/api.w.org\/{rel}","templated":true}]}}